{"id":88,"date":"2014-05-03T14:29:36","date_gmt":"2014-05-03T13:29:36","guid":{"rendered":"http:\/\/www.electrimacs.net\/?page_id=88"},"modified":"2014-05-03T14:37:08","modified_gmt":"2014-05-03T13:37:08","slug":"jean-robert","status":"publish","type":"page","link":"http:\/\/www.electrimacs.net\/?page_id=88","title":{"rendered":"Jean Robert"},"content":{"rendered":"<p>Prof. Jean Robert was born in Montm\u00e9dy, France, on September 20th in 1925. He received the Engineer degree from the \u00c9cole Nationale Sup\u00e9rieure d\u2019\u00c9lectricit\u00e9 et de M\u00e9canique de Nancy (ENSEM, France) in 1949, the Ph.D. degree from the University of Nancy in 1954, and the D.Sc. degree from the University of Paris in 1969.\u00a0He was a professor of Electrical Engineering at Laval University, Qu\u00e9bec City, Canada, from 1958 to 1972, and at the Institut Montefiore, University of Li\u00e8ge, Belgium from 1973 to his retirement. During his academic career, he also worked as a consultant for electrical utilities, especially Hydro-Qu\u00e9bec. He has published more than 60 technical papers, one book as a coauthor on the signal flow-graphs, which was translated into four languages, and four books on the modeling of electrical machines and devices as an editor.\u00a0Professor Jean Robert was a precursor in the development of the simulation techniques for electrical machines and power systems using signal flow-graphs. In 1976, he was founding the TC1 committee on Modeling and Simulation of Electrical Machines of the International Association for Mathematics and Computers in Simulation (IMACS). Its main objective was to establish a high standard international meeting point for presenting new results in modeling and simulation in the various fields of electrical engineering. He was chairman of the first IMACS TC1 Conference in Li\u00e8ge in 1984, Chairman and Honorary Chairman of the IMACS TC1 International Committee until 2006.\u00a0 Prof. Robert was a fellow of the Institute of Electrical and Electronic Engineers (IEEE Industry Applications Society), a senior member of the Soci\u00e9t\u00e9 Fran\u00e7aise des \u00c9lectriciens and a member of the Soci\u00e9t\u00e9 Royale Belge des \u00c9lectriciens, where he was a scientific advisor. For his accomplishments in the development of simulation techniques for electrical machines and power systems and for his contributions to higher education, he was awarded by the AIEE in Montr\u00e9al in 1962. He received the scientific prize of the Qu\u00e9bec province in 1961 and the Omer de Bast Award in Li\u00e8ge for 1971-1973. He was a Chevalier des Palmes Acad\u00e9miques (France). Jean Robert died on October 7th 2006 in Li\u00e8ge (Belgium).<\/p>\n","protected":false},"excerpt":{"rendered":"<p>Prof. Jean Robert was born in Montm\u00e9dy, France, on September 20th in 1925. He received the Engineer degree from the \u00c9cole Nationale Sup\u00e9rieure d\u2019\u00c9lectricit\u00e9 et de M\u00e9canique de Nancy (ENSEM, France) in 1949, the Ph.D. degree from the University of Nancy in 1954, and the D.Sc. degree from the University of Paris in 1969.\u00a0He was [&hellip;]<\/p>\n","protected":false},"author":1,"featured_media":0,"parent":27,"menu_order":0,"comment_status":"closed","ping_status":"closed","template":"page-templates\/full-width.php","meta":{"footnotes":""},"class_list":["post-88","page","type-page","status-publish","hentry"],"_links":{"self":[{"href":"http:\/\/www.electrimacs.net\/index.php?rest_route=\/wp\/v2\/pages\/88"}],"collection":[{"href":"http:\/\/www.electrimacs.net\/index.php?rest_route=\/wp\/v2\/pages"}],"about":[{"href":"http:\/\/www.electrimacs.net\/index.php?rest_route=\/wp\/v2\/types\/page"}],"author":[{"embeddable":true,"href":"http:\/\/www.electrimacs.net\/index.php?rest_route=\/wp\/v2\/users\/1"}],"replies":[{"embeddable":true,"href":"http:\/\/www.electrimacs.net\/index.php?rest_route=%2Fwp%2Fv2%2Fcomments&post=88"}],"version-history":[{"count":2,"href":"http:\/\/www.electrimacs.net\/index.php?rest_route=\/wp\/v2\/pages\/88\/revisions"}],"predecessor-version":[{"id":90,"href":"http:\/\/www.electrimacs.net\/index.php?rest_route=\/wp\/v2\/pages\/88\/revisions\/90"}],"up":[{"embeddable":true,"href":"http:\/\/www.electrimacs.net\/index.php?rest_route=\/wp\/v2\/pages\/27"}],"wp:attachment":[{"href":"http:\/\/www.electrimacs.net\/index.php?rest_route=%2Fwp%2Fv2%2Fmedia&parent=88"}],"curies":[{"name":"wp","href":"https:\/\/api.w.org\/{rel}","templated":true}]}}